{"id":170,"date":"2014-06-27T09:23:20","date_gmt":"2014-06-27T07:23:20","guid":{"rendered":"http:\/\/s544855743.onlinehome.fr\/?page_id=170"},"modified":"2023-10-10T11:54:29","modified_gmt":"2023-10-10T09:54:29","slug":"bacterial-bed-sprinkler","status":"publish","type":"page","link":"https:\/\/www.fb-procedes.com\/en\/sprinkler-lit-bacterien\/","title":{"rendered":"Sprinklers"},"content":{"rendered":"<p>FB Proc\u00e9d\u00e9s has been designing, manufacturing and installing sprinklers for trickling filters for over 30 years. Whether for trickling filters from 2 to 50 meters in diameter, sprinklers with 2, 4, 6 or 8 arms, and flow rates from 5 to 4,000 m3\/h, FB Proc\u00e9d\u00e9s designs each sprinkler to meet the specific technical requirements of the project.<\/p>\n<p>If you'd like a technical study or a quotation, please don't hesitate to contact us. We'll get back to you as soon as possible.<\/p>\n<p>&nbsp;<\/p>\n<h3><img loading=\"lazy\" decoding=\"async\" class=\"alignleft wp-image-1747 size-full\" style=\"margin-right: 10px;\" src=\"http:\/\/s544855743.onlinehome.fr\/wp-content\/uploads\/2014\/06\/puce.png\" alt=\"Po\" width=\"23\" height=\"23\">Technology<\/h3>\n<hr>\n<p style=\"color: #48423f;\"><img loading=\"lazy\" decoding=\"async\" class=\"alignleft wp-image-3192 size-full\" style=\"margin-right: 20px;\" src=\"http:\/\/s544855743.onlinehome.fr\/wp-content\/uploads\/2014\/06\/sprinklers-technologie.jpg\" alt=\"Sprinkler technology\" width=\"150\" height=\"150\">Optimized for over 30 years, the technology of our rotary distributors for bacterial beds is based on simplicity, efficiency, and reliability.<\/p>\n<p style=\"color: #48423f;\">Because every project is unique, all our bacterial bed sprinklers are custom-built to meet your specific requirements.<\/p>\n<p style=\"color: #48423f;\"><a href=\"https:\/\/www.fb-procedes.com\/en\/bacterial-bed-sprinkler\/rotary-distributors-technology\/\"><img loading=\"lazy\" decoding=\"async\" class=\"alignleft wp-image-1820 size-full\" src=\"http:\/\/fb-procedes.com\/wp-content\/uploads\/2014\/06\/lire-la-suite.png\" alt=\"Read more\" width=\"122\" height=\"22\"><\/a><\/p>\n<p>&nbsp;<\/p>\n<p>&nbsp;<\/p>\n<h3><img loading=\"lazy\" decoding=\"async\" class=\"alignleft wp-image-1747 size-full\" style=\"margin-right: 10px;\" src=\"http:\/\/s544855743.onlinehome.fr\/wp-content\/uploads\/2014\/06\/puce.png\" alt=\"Po\" width=\"23\" height=\"23\">Range<\/h3>\n<hr>\n<p><img loading=\"lazy\" decoding=\"async\" class=\"alignleft wp-image-3193 size-full\" style=\"margin-right: 20px;\" src=\"http:\/\/s544855743.onlinehome.fr\/wp-content\/uploads\/2014\/06\/sprinklers-gamme.jpg\" alt=\"Range\" width=\"150\" height=\"150\">Find out more about the features and characteristics of our sprinklers. As each sprinkler is unique, don't hesitate to contact us for a technical study and quotation.<\/p>\n<p>A complete range of sprinklers based on simplicity, efficiency and reliability.<\/p>\n<p><a href=\"https:\/\/www.fb-procedes.com\/en\/bacterial-bed-sprinkler\/rotary-distributors-range\/\"><img loading=\"lazy\" decoding=\"async\" class=\"alignleft wp-image-1820 size-full\" src=\"http:\/\/s544855743.onlinehome.fr\/wp-content\/uploads\/2014\/06\/lire-la-suite.png\" alt=\"Read more\" width=\"122\" height=\"22\"><\/a><\/p>\n<p>&nbsp;<\/p>\n<p>&nbsp;<\/p>\n<p>&nbsp;<\/p>\n<h3><img loading=\"lazy\" decoding=\"async\" class=\"alignleft wp-image-1747 size-full\" style=\"margin-right: 10px;\" src=\"http:\/\/s544855743.onlinehome.fr\/wp-content\/uploads\/2014\/06\/puce.png\" alt=\"Po\" width=\"23\" height=\"23\">References<\/h3>\n<hr>\n<p style=\"color: #48423f;\"><img loading=\"lazy\" decoding=\"async\" class=\"alignleft wp-image-3196 size-full\" style=\"margin-right: 20px;\" src=\"http:\/\/s544855743.onlinehome.fr\/wp-content\/uploads\/2014\/06\/references-sprinklers.jpg\" alt=\"Sprinkler references\" width=\"150\" height=\"150\">We present to you some of our references of rotary distributors for trickling filters.<\/p>\n<p style=\"color: #48423f;\">Each sprinkler is tailor-made according to your specifications and our recommendations based on our experience.<\/p>\n<p style=\"color: #48423f;\"><a href=\"https:\/\/www.fb-procedes.com\/en\/bacterial-bed-sprinkler\/rotary-distributors-references\/\"><img loading=\"lazy\" decoding=\"async\" class=\"alignleft wp-image-1820 size-full\" src=\"http:\/\/s544855743.onlinehome.fr\/wp-content\/uploads\/2014\/06\/lire-la-suite.png\" alt=\"Read more\" width=\"122\" height=\"22\"><\/a><\/p>","protected":false},"excerpt":{"rendered":"<p>FB Proc\u00e9d\u00e9s con\u00e7oit, fabrique et installe des sprinklers pour lits bact\u00e9riens depuis plus de 30 ans. Que ce soit pour des lits bact\u00e9riens de 2 \u00e0 50 m\u00e8tres de diam\u00e8tre, des sprinklers \u00e0 2, 4, 6 ou 8 bras, et des d\u00e9bits de 5 \u00e0 4000 m3\/h, FB Proc\u00e9d\u00e9s con\u00e7oit chaque sprinkler sur-mesure pour r\u00e9pondre [&hellip;]<\/p>\n","protected":false},"author":1,"featured_media":0,"parent":0,"menu_order":0,"comment_status":"closed","ping_status":"closed","template":"","meta":{"_et_pb_use_builder":"","_et_pb_old_content":"","_et_gb_content_width":"","footnotes":""},"class_list":["post-170","page","type-page","status-publish","hentry"],"_links":{"self":[{"href":"https:\/\/www.fb-procedes.com\/en\/wp-json\/wp\/v2\/pages\/170","targetHints":{"allow":["GET"]}}],"collection":[{"href":"https:\/\/www.fb-procedes.com\/en\/wp-json\/wp\/v2\/pages"}],"about":[{"href":"https:\/\/www.fb-procedes.com\/en\/wp-json\/wp\/v2\/types\/page"}],"author":[{"embeddable":true,"href":"https:\/\/www.fb-procedes.com\/en\/wp-json\/wp\/v2\/users\/1"}],"replies":[{"embeddable":true,"href":"https:\/\/www.fb-procedes.com\/en\/wp-json\/wp\/v2\/comments?post=170"}],"version-history":[{"count":0,"href":"https:\/\/www.fb-procedes.com\/en\/wp-json\/wp\/v2\/pages\/170\/revisions"}],"wp:attachment":[{"href":"https:\/\/www.fb-procedes.com\/en\/wp-json\/wp\/v2\/media?parent=170"}],"curies":[{"name":"wp","href":"https:\/\/api.w.org\/{rel}","templated":true}]}}