{"id":3319,"date":"2014-10-06T14:19:50","date_gmt":"2014-10-06T12:19:50","guid":{"rendered":"http:\/\/www.fbprocedes.com\/?page_id=3319"},"modified":"2025-12-04T12:33:47","modified_gmt":"2025-12-04T11:33:47","slug":"bar-screen-sg400","status":"publish","type":"page","link":"https:\/\/www.fb-procedes.com\/en\/degrilleurs\/degrilleur-vertical-sg400\/","title":{"rendered":"D\u00e9grilleur Vertical SG400"},"content":{"rendered":"<p>[et_pb_section fb_built=\u00a0\u00bb1&Prime; fullwidth=\u00a0\u00bbon\u00a0\u00bb _builder_version=\u00a0\u00bb4.27.3&Prime; _module_preset=\u00a0\u00bbdefault\u00a0\u00bb background_image=\u00a0\u00bbhttps:\/\/www.fb-procedes.com\/wp-content\/uploads\/2024\/11\/SG400-116.jpg\u00a0\u00bb background_position=\u00a0\u00bbtop_center\u00a0\u00bb background_vertical_offset=\u00a0\u00bb60%\u00a0\u00bb min_height_tablet=\u00a0\u00bb\u00a0\u00bb min_height_phone=\u00a0\u00bb\u00a0\u00bb min_height_last_edited=\u00a0\u00bbon|phone\u00a0\u00bb custom_margin=\u00a0\u00bb||50px||false|false\u00a0\u00bb custom_margin_tablet=\u00a0\u00bb\u00a0\u00bb custom_margin_phone=\u00a0\u00bb\u00a0\u00bb custom_margin_last_edited=\u00a0\u00bbon|phone\u00a0\u00bb global_colors_info=\u00a0\u00bb{}\u00a0\u00bb][et_pb_fullwidth_header title=\u00a0\u00bbD\u00c9GRILLEUR VERTICAL SG400&Prime; text_orientation=\u00a0\u00bbcenter\u00a0\u00bb button_one_text=\u00a0\u00bbNous contacter\u00a0\u00bb button_one_url=\u00a0\u00bbhttp:\/\/fb-procedes.com\/nous-contacter\/\u00a0\u00bb background_overlay_color=\u00a0\u00bbrgba(0,8,10,0.52)\u00a0\u00bb _builder_version=\u00a0\u00bb4.27.4&Prime; _module_preset=\u00a0\u00bbdefault\u00a0\u00bb title_font=\u00a0\u00bb|600|||||||\u00a0\u00bb title_font_size=\u00a0\u00bb66px\u00a0\u00bb title_line_height=\u00a0\u00bb1.2em\u00a0\u00bb content_font=\u00a0\u00bb||||||||\u00a0\u00bb content_font_size=\u00a0\u00bb24px\u00a0\u00bb content_line_height=\u00a0\u00bb1.7em\u00a0\u00bb background_enable_color=\u00a0\u00bboff\u00a0\u00bb background_enable_image=\u00a0\u00bboff\u00a0\u00bb custom_button_one=\u00a0\u00bbon\u00a0\u00bb button_one_text_size=\u00a0\u00bb16px\u00a0\u00bb button_one_text_color=\u00a0\u00bb#FFFFFF\u00a0\u00bb button_one_bg_color=\u00a0\u00bbgcid-primary-color\u00a0\u00bb button_one_border_color=\u00a0\u00bbRGBA(255,255,255,0)\u00a0\u00bb button_one_border_radius=\u00a0\u00bb6px\u00a0\u00bb button_one_letter_spacing=\u00a0\u00bb0px\u00a0\u00bb button_one_use_icon=\u00a0\u00bboff\u00a0\u00bb button_one_custom_margin=\u00a0\u00bb41px|||0px|false|false\u00a0\u00bb button_one_custom_margin_tablet=\u00a0\u00bb41px|||0px|false|false\u00a0\u00bb button_one_custom_margin_phone=\u00a0\u00bb41px|||0px|false|false\u00a0\u00bb button_one_custom_margin_last_edited=\u00a0\u00bbon|phone\u00a0\u00bb button_one_custom_padding=\u00a0\u00bb10px|20px|10px|20px|false|false\u00a0\u00bb custom_button_two=\u00a0\u00bbon\u00a0\u00bb button_two_text_size=\u00a0\u00bb16px\u00a0\u00bb button_two_text_color=\u00a0\u00bb#FFFFFF\u00a0\u00bb button_two_bg_color=\u00a0\u00bb#ED5C28&Prime; button_two_border_color=\u00a0\u00bbRGBA(255,255,255,0)\u00a0\u00bb button_two_border_radius=\u00a0\u00bb6px\u00a0\u00bb button_two_custom_margin=\u00a0\u00bb14px||||false|false\u00a0\u00bb button_two_custom_padding=\u00a0\u00bb10px|20px|10px|20px|false|false\u00a0\u00bb width=\u00a0\u00bb100%\u00a0\u00bb max_width=\u00a0\u00bb100%\u00a0\u00bb min_height=\u00a0\u00bb635px\u00a0\u00bb min_height_tablet=\u00a0\u00bb620px\u00a0\u00bb min_height_phone=\u00a0\u00bb338px\u00a0\u00bb min_height_last_edited=\u00a0\u00bbon|phone\u00a0\u00bb max_height=\u00a0\u00bb1000px\u00a0\u00bb custom_margin=\u00a0\u00bb0px||||false|false\u00a0\u00bb custom_margin_tablet=\u00a0\u00bb0px||||false|false\u00a0\u00bb custom_margin_phone=\u00a0\u00bb0px||||false|false\u00a0\u00bb custom_margin_last_edited=\u00a0\u00bbon|desktop\u00a0\u00bb custom_padding=\u00a0\u00bb133px||0px||false|false\u00a0\u00bb custom_padding_tablet=\u00a0\u00bb133px||0px||false|false\u00a0\u00bb custom_padding_phone=\u00a0\u00bb0px||||false|false\u00a0\u00bb custom_padding_last_edited=\u00a0\u00bbon|desktop\u00a0\u00bb hover_enabled=\u00a0\u00bb0&Prime; title_font_size_tablet=\u00a0\u00bb47px\u00a0\u00bb title_font_size_phone=\u00a0\u00bb26px\u00a0\u00bb title_font_size_last_edited=\u00a0\u00bbon|phone\u00a0\u00bb content_font_size_tablet=\u00a0\u00bb19px\u00a0\u00bb content_font_size_phone=\u00a0\u00bb13px\u00a0\u00bb content_font_size_last_edited=\u00a0\u00bbon|phone\u00a0\u00bb content_letter_spacing_tablet=\u00a0\u00bb5px\u00a0\u00bb content_letter_spacing_phone=\u00a0\u00bb4px\u00a0\u00bb content_letter_spacing_last_edited=\u00a0\u00bbon|phone\u00a0\u00bb button_one_text_size_tablet=\u00a0\u00bb\u00a0\u00bb button_one_text_size_phone=\u00a0\u00bb16px\u00a0\u00bb button_one_text_size_last_edited=\u00a0\u00bbon|desktop\u00a0\u00bb button_two_text_size_tablet=\u00a0\u00bb\u00a0\u00bb button_two_text_size_phone=\u00a0\u00bb16px\u00a0\u00bb button_two_text_size_last_edited=\u00a0\u00bbon|phone\u00a0\u00bb global_colors_info=\u00a0\u00bb{%22gcid-primary-color%22:%91%22button_one_bg_color%22%93}\u00a0\u00bb button_one_bg_enable_color=\u00a0\u00bbon\u00a0\u00bb sticky_enabled=\u00a0\u00bb0&Prime;]<\/p>\n<div class=\"n2-ss-slide n2-ow n2-ss-slide-13 n2-ss-slide-active\" role=\"button\" data-first=\"1\" data-slide-duration=\"0\" data-id=\"13\" data-slide-public-id=\"1\" data-title=\"D\u00e9grilleurs automatiques\" data-haslink=\"1\" data-href=\"http:\/\/fb-procedes.com\/degrilleurs\/gamme-degrilleurs\/\" data-n2click=\"url\" data-force-pointer=\"\" tabindex=\"0\">\n<div class=\"n2-ss-layers-container n2-ss-slide-limiter n2-ow\">\n<div class=\"n2-ss-layer n2-ow n-uc-i2L5FFPWZTZ8\" data-sstype=\"slide\" data-pm=\"default\">\n<div class=\"n2-ss-layer n2-ow n-uc-1cc764c6e8035\" data-pm=\"default\" data-sstype=\"content\" data-hasbackground=\"0\">\n<div class=\"n2-ss-section-main-content n2-ss-layer-with-background n2-ss-layer-content n2-ow n-uc-1cc764c6e8035-inner\">\n<div class=\"n2-ss-layer n2-ow n-uc-DFpsXYTKyC2Z\" data-pm=\"normal\" data-sstype=\"layer\">\n<div class=\"n2-ss-item-content n2-ss-text n2-ow-all\">\n<div class=\"\">\n<p class=\"n2-font-97029b112236868696e3240dcbf86b7b-paragraph n2-style-07ba1ae3476327fd7889f2d2055a63cd-heading \"><span>Le d\u00e9grilleur vertical id\u00e9al pour les postes de rel\u00e8vement, pour les d\u00e9bits jusqu&rsquo;\u00e0 120 m3\/h. Sa largeur est de 400mm, et l&rsquo;entra\u00eenement est assur\u00e9 par une sangle unique et centrale.<\/span><\/p>\n<\/div>\n<\/div>\n<\/div>\n<\/div>\n<\/div>\n<\/div>\n<\/div>\n<\/div>\n<p>[\/et_pb_fullwidth_header][\/et_pb_section][et_pb_section fb_built=\u00a0\u00bb1&Prime; _builder_version=\u00a0\u00bb4.27.3&Prime; _module_preset=\u00a0\u00bbdefault\u00a0\u00bb global_colors_info=\u00a0\u00bb{}\u00a0\u00bb][et_pb_row column_structure=\u00a0\u00bb3_5,2_5&Prime; _builder_version=\u00a0\u00bb4.27.3&Prime; _module_preset=\u00a0\u00bbdefault\u00a0\u00bb custom_margin=\u00a0\u00bb||60px||false|false\u00a0\u00bb global_colors_info=\u00a0\u00bb{}\u00a0\u00bb][et_pb_column type=\u00a0\u00bb3_5&Prime; _builder_version=\u00a0\u00bb4.27.3&Prime; _module_preset=\u00a0\u00bbdefault\u00a0\u00bb global_colors_info=\u00a0\u00bb{}\u00a0\u00bb][et_pb_image src=\u00a0\u00bbhttps:\/\/www.fb-procedes.com\/wp-content\/uploads\/2024\/11\/SG400-116.jpg\u00a0\u00bb alt=\u00a0\u00bbD\u00e9grilleur vertical SG400&Prime; title_text=\u00a0\u00bbD\u00e9grilleur vertical SG400&Prime; align=\u00a0\u00bbcenter\u00a0\u00bb align_tablet=\u00a0\u00bbcenter\u00a0\u00bb align_phone=\u00a0\u00bb\u00a0\u00bb align_last_edited=\u00a0\u00bbon|desktop\u00a0\u00bb _builder_version=\u00a0\u00bb4.27.3&Prime; custom_padding=\u00a0\u00bb||0px||false|false\u00a0\u00bb global_colors_info=\u00a0\u00bb{}\u00a0\u00bb][\/et_pb_image][\/et_pb_column][et_pb_column type=\u00a0\u00bb2_5&Prime; _builder_version=\u00a0\u00bb4.27.3&Prime; _module_preset=\u00a0\u00bbdefault\u00a0\u00bb global_colors_info=\u00a0\u00bb{}\u00a0\u00bb][et_pb_text _builder_version=\u00a0\u00bb4.27.4&Prime; global_colors_info=\u00a0\u00bb{}\u00a0\u00bb hover_enabled=\u00a0\u00bb0&Prime; sticky_enabled=\u00a0\u00bb0&Prime;]<\/p>\n<p>Le d\u00e9grilleur vertical type SG400 a comme sp\u00e9cificit\u00e9 d\u2019avoir une largeur fixe de 400 mm, d\u2019o\u00f9 son nom SG400. C\u2019est un d\u00e9grilleur automatique vertical, qui utilise comme \u00e9l\u00e9ment de traction du grappin de d\u00e9grillage une sangle unique et centrale, une caract\u00e9ristique que l\u2019on retrouve sur l\u2019ensemble des d\u00e9grilleurs FB Proc\u00e9d\u00e9s.<\/p>\n<p>Ce d\u00e9grilleur\u00a0vertical s\u2019adapte aux ouvrages neufs ou existants, dans des canaux ou\u00a0des postes.<\/p>\n<p>D\u2019une tr\u00e8s grand fiabilit\u00e9 et simplicit\u00e9 d\u2019utilisation, le d\u00e9grilleur automatique vertical convient parfaitement aux installations avec des d\u00e9bits jusqu\u2019\u00e0 120 m3\/h.<\/p>\n<p>Pour s\u2019adapter \u00e0 toutes les installations, des options sont disponibles pour ce d\u00e9grilleur vertical comme des d\u00e9flecteurs lat\u00e9raux, un panier manuel lat\u00e9ral de secours, une isolation acoustique, , une r\u00e9sistante chauffante, etc.<\/p>\n<p>[\/et_pb_text][\/et_pb_column][\/et_pb_row][et_pb_row column_structure=\u00a0\u00bb2_5,3_5&Prime; _builder_version=\u00a0\u00bb4.27.3&Prime; custom_margin=\u00a0\u00bb||49px||false|false\u00a0\u00bb global_colors_info=\u00a0\u00bb{}\u00a0\u00bb][et_pb_column type=\u00a0\u00bb2_5&Prime; module_class=\u00a0\u00bbds-vertical-align\u00a0\u00bb _builder_version=\u00a0\u00bb4.16&Prime; custom_padding=\u00a0\u00bb|||\u00a0\u00bb global_colors_info=\u00a0\u00bb{}\u00a0\u00bb custom_padding__hover=\u00a0\u00bb|||\u00a0\u00bb][et_pb_image src=\u00a0\u00bbhttps:\/\/www.fb-procedes.com\/wp-content\/uploads\/2025\/11\/degrilleur-vertical-sg-1.jpg\u00a0\u00bb alt=\u00a0\u00bbdegrilleur vertical sg\u00a0\u00bb title_text=\u00a0\u00bbdegrilleur vertical sg\u00a0\u00bb align=\u00a0\u00bbcenter\u00a0\u00bb align_tablet=\u00a0\u00bbcenter\u00a0\u00bb align_phone=\u00a0\u00bb\u00a0\u00bb align_last_edited=\u00a0\u00bbon|desktop\u00a0\u00bb _builder_version=\u00a0\u00bb4.27.4&Prime; width=\u00a0\u00bb100%\u00a0\u00bb max_width=\u00a0\u00bb100%\u00a0\u00bb height=\u00a0\u00bb849px\u00a0\u00bb height_tablet=\u00a0\u00bb849px\u00a0\u00bb height_phone=\u00a0\u00bb466px\u00a0\u00bb height_last_edited=\u00a0\u00bbon|phone\u00a0\u00bb global_colors_info=\u00a0\u00bb{}\u00a0\u00bb][\/et_pb_image][\/et_pb_column][et_pb_column type=\u00a0\u00bb3_5&Prime; _builder_version=\u00a0\u00bb4.16&Prime; custom_padding=\u00a0\u00bb|||\u00a0\u00bb global_colors_info=\u00a0\u00bb{}\u00a0\u00bb custom_padding__hover=\u00a0\u00bb|||\u00a0\u00bb][et_pb_text _builder_version=\u00a0\u00bb4.27.4&Prime; global_colors_info=\u00a0\u00bb{}\u00a0\u00bb hover_enabled=\u00a0\u00bb0&Prime; sticky_enabled=\u00a0\u00bb0&Prime;]<\/p>\n<h2 style=\"text-align: left;\">Sp\u00e9cificit\u00e9s du d\u00e9grilleur vertical SG400<\/h2>\n<p>[\/et_pb_text][et_pb_divider divider_weight=\u00a0\u00bb2px\u00a0\u00bb _builder_version=\u00a0\u00bb4.27.3&Prime; _module_preset=\u00a0\u00bbdefault\u00a0\u00bb width=\u00a0\u00bb17%\u00a0\u00bb custom_margin=\u00a0\u00bb||20px|||\u00a0\u00bb global_colors_info=\u00a0\u00bb{}\u00a0\u00bb][\/et_pb_divider][et_pb_text _builder_version=\u00a0\u00bb4.27.4&Prime; global_colors_info=\u00a0\u00bb{}\u00a0\u00bb hover_enabled=\u00a0\u00bb0&Prime; sticky_enabled=\u00a0\u00bb0&Prime;]<\/p>\n<ul>\n<li>D\u00e9versement des d\u00e9chets \u00e0 l\u2019amont.<\/li>\n<li>Id\u00e9al pour les installations avec un d\u00e9bit jusqu\u2019\u00e0 120 m3\/h.<\/li>\n<li>Adaptable \u00e0 tous types d\u2019ouvrages neufs ou existants (canal, poste, etc.).<\/li>\n<li>Conception simple = fiabilit\u00e9 durable dans le temps.<\/li>\n<li>R\u00e9alis\u00e9 sur mesure, hormis la largeur, fig\u00e9e \u00e0 400mm.<\/li>\n<li>Faible co\u00fbt d\u2019exploitation et entretien ais\u00e9.<\/li>\n<li>Conforme aux normes CE.<\/li>\n<li>Pi\u00e8ces d\u2019usure et appareillages \u00e9lectriques hors d\u2019eau (accessibles du plan de pose).<\/li>\n<li>R\u00e9cup\u00e9ration des d\u00e9chets directement dans une benne ou autres.<\/li>\n<\/ul>\n<p>[\/et_pb_text][et_pb_text _builder_version=\u00a0\u00bb4.27.4&Prime; global_colors_info=\u00a0\u00bb{}\u00a0\u00bb hover_enabled=\u00a0\u00bb0&Prime; sticky_enabled=\u00a0\u00bb0&Prime;]<\/p>\n<h2 style=\"text-align: left;\">Donn\u00e9es techniques du d\u00e9grilleur vertical SG400<\/h2>\n<p>[\/et_pb_text][et_pb_divider divider_weight=\u00a0\u00bb2px\u00a0\u00bb _builder_version=\u00a0\u00bb4.27.3&Prime; _module_preset=\u00a0\u00bbdefault\u00a0\u00bb width=\u00a0\u00bb17%\u00a0\u00bb custom_margin=\u00a0\u00bb||20px||false|false\u00a0\u00bb global_colors_info=\u00a0\u00bb{}\u00a0\u00bb][\/et_pb_divider][et_pb_text _builder_version=\u00a0\u00bb4.27.4&Prime; global_colors_info=\u00a0\u00bb{}\u00a0\u00bb hover_enabled=\u00a0\u00bb0&Prime; sticky_enabled=\u00a0\u00bb0&Prime;]<\/p>\n<ul>\n<li>D\u00e9bit maxi : 120 m3\/h<\/li>\n<li>Entrefer : 3 \u00e0 30 mm<\/li>\n<li>Largeur : \u00a0400 mm<\/li>\n<li>Profondeur maxi sous plan de pose: 5 500 mm<\/li>\n<li>Hauteur totale maxi: 8 000 mm<\/li>\n<li>D\u00e9versement: Amont<\/li>\n<li>Inclinaison\/verticale: 0\u00b0<\/li>\n<li>Mati\u00e8re: Inox 304L ou 316L ou mixte<\/li>\n<\/ul>\n<p>[\/et_pb_text][et_pb_button button_url=\u00a0\u00bbhttps:\/\/fb-procedes.com\/wp-content\/uploads\/2019\/02\/Fiche-Technique-D%C3%A9grilleur-Type-SG400.pdf\u00a0\u00bb button_text=\u00a0\u00bbT\u00e9l\u00e9charger la fiche produit\u00a0\u00bb button_alignment=\u00a0\u00bbleft\u00a0\u00bb _builder_version=\u00a0\u00bb4.27.4&Prime; _module_preset=\u00a0\u00bbdefault\u00a0\u00bb custom_button=\u00a0\u00bbon\u00a0\u00bb button_text_size=\u00a0\u00bb17px\u00a0\u00bb button_border_radius=\u00a0\u00bb6px\u00a0\u00bb button_font=\u00a0\u00bb|300|||||||\u00a0\u00bb button_icon=\u00a0\u00bb&#xe071;||divi||400&Prime; button_icon_color=\u00a0\u00bb#FFFFFF\u00a0\u00bb button_icon_placement=\u00a0\u00bbleft\u00a0\u00bb button_on_hover=\u00a0\u00bboff\u00a0\u00bb custom_margin=\u00a0\u00bb35px|||||\u00a0\u00bb custom_padding=\u00a0\u00bb10px|40px|10px|40px|true|true\u00a0\u00bb global_colors_info=\u00a0\u00bb{}\u00a0\u00bb][\/et_pb_button][\/et_pb_column][\/et_pb_row][et_pb_row _builder_version=\u00a0\u00bb4.16&Prime; custom_padding=\u00a0\u00bb32px|0px|0|0px|false|false\u00a0\u00bb global_colors_info=\u00a0\u00bb{}\u00a0\u00bb][et_pb_column type=\u00a0\u00bb4_4&Prime; _builder_version=\u00a0\u00bb4.16&Prime; custom_padding=\u00a0\u00bb|||\u00a0\u00bb global_colors_info=\u00a0\u00bb{}\u00a0\u00bb custom_padding__hover=\u00a0\u00bb|||\u00a0\u00bb][et_pb_text _builder_version=\u00a0\u00bb4.27.4&Prime; global_colors_info=\u00a0\u00bb{}\u00a0\u00bb hover_enabled=\u00a0\u00bb0&Prime; sticky_enabled=\u00a0\u00bb0&Prime;]<\/p>\n<h2 style=\"text-align: left;\">Exemples d&rsquo;installations de d\u00e9grilleurs SG400<\/h2>\n<p>[\/et_pb_text][et_pb_divider divider_weight=\u00a0\u00bb2px\u00a0\u00bb _builder_version=\u00a0\u00bb4.27.3&Prime; _module_preset=\u00a0\u00bbdefault\u00a0\u00bb width=\u00a0\u00bb17%\u00a0\u00bb min_height=\u00a0\u00bb35.6px\u00a0\u00bb custom_margin=\u00a0\u00bb||20px||false|false\u00a0\u00bb global_colors_info=\u00a0\u00bb{}\u00a0\u00bb][\/et_pb_divider][\/et_pb_column][\/et_pb_row][et_pb_row _builder_version=\u00a0\u00bb4.27.3&Prime; _module_preset=\u00a0\u00bbdefault\u00a0\u00bb global_colors_info=\u00a0\u00bb{}\u00a0\u00bb][et_pb_column type=\u00a0\u00bb4_4&Prime; _builder_version=\u00a0\u00bb4.27.3&Prime; _module_preset=\u00a0\u00bbdefault\u00a0\u00bb global_colors_info=\u00a0\u00bb{}\u00a0\u00bb][et_pb_gallery gallery_ids=\u00a0\u00bb215148,215142,215170,215146,215180,215182,215136,215140&Prime; posts_number=\u00a0\u00bb8&Prime; show_title_and_caption=\u00a0\u00bboff\u00a0\u00bb show_pagination=\u00a0\u00bboff\u00a0\u00bb _builder_version=\u00a0\u00bb4.27.3&Prime; _module_preset=\u00a0\u00bbdefault\u00a0\u00bb global_colors_info=\u00a0\u00bb{}\u00a0\u00bb][\/et_pb_gallery][\/et_pb_column][\/et_pb_row][et_pb_row _builder_version=\u00a0\u00bb4.16&Prime; custom_padding=\u00a0\u00bb72px|0px|0|0px|false|false\u00a0\u00bb global_colors_info=\u00a0\u00bb{}\u00a0\u00bb][et_pb_column type=\u00a0\u00bb4_4&Prime; _builder_version=\u00a0\u00bb4.16&Prime; custom_padding=\u00a0\u00bb|||\u00a0\u00bb global_colors_info=\u00a0\u00bb{}\u00a0\u00bb custom_padding__hover=\u00a0\u00bb|||\u00a0\u00bb][et_pb_text _builder_version=\u00a0\u00bb4.27.4&Prime; global_colors_info=\u00a0\u00bb{}\u00a0\u00bb hover_enabled=\u00a0\u00bb0&Prime; sticky_enabled=\u00a0\u00bb0&Prime;]<\/p>\n<h2 style=\"text-align: left;\">Nos autres d\u00e9grilleurs<\/h2>\n<p>[\/et_pb_text][et_pb_divider divider_weight=\u00a0\u00bb2px\u00a0\u00bb _builder_version=\u00a0\u00bb4.27.3&Prime; _module_preset=\u00a0\u00bbdefault\u00a0\u00bb width=\u00a0\u00bb17%\u00a0\u00bb min_height=\u00a0\u00bb35.6px\u00a0\u00bb custom_margin=\u00a0\u00bb||20px||false|false\u00a0\u00bb global_colors_info=\u00a0\u00bb{}\u00a0\u00bb][\/et_pb_divider][\/et_pb_column][\/et_pb_row][et_pb_row column_structure=\u00a0\u00bb1_5,1_5,1_5,1_5,1_5&Prime; use_custom_gutter=\u00a0\u00bbon\u00a0\u00bb gutter_width=\u00a0\u00bb2&Prime; make_equal=\u00a0\u00bbon\u00a0\u00bb _builder_version=\u00a0\u00bb4.27.3&Prime; _module_preset=\u00a0\u00bbdefault\u00a0\u00bb global_colors_info=\u00a0\u00bb{}\u00a0\u00bb][et_pb_column type=\u00a0\u00bb1_5&Prime; _builder_version=\u00a0\u00bb4.27.3&Prime; _module_preset=\u00a0\u00bbdefault\u00a0\u00bb global_colors_info=\u00a0\u00bb{}\u00a0\u00bb][et_pb_blurb title=\u00a0\u00bbD\u00e9grilleur Type PROSTEP\u00a0\u00bb image=\u00a0\u00bbhttps:\/\/www.fb-procedes.com\/wp-content\/uploads\/2025\/11\/degrilleur-escalier-prostep.jpg\u00a0\u00bb alt=\u00a0\u00bbdegrilleur escalier prostep\u00a0\u00bb _builder_version=\u00a0\u00bb4.27.4&Prime; _module_preset=\u00a0\u00bbdefault\u00a0\u00bb link_option_url=\u00a0\u00bbhttps:\/\/www.fb-procedes.com\/degrilleurs\/degrilleur-escalier-prostep\/\u00a0\u00bb global_colors_info=\u00a0\u00bb{}\u00a0\u00bb hover_enabled=\u00a0\u00bb0&Prime; sticky_enabled=\u00a0\u00bb0&Prime;][\/et_pb_blurb][\/et_pb_column][et_pb_column type=\u00a0\u00bb1_5&Prime; _builder_version=\u00a0\u00bb4.27.3&Prime; _module_preset=\u00a0\u00bbdefault\u00a0\u00bb global_colors_info=\u00a0\u00bb{}\u00a0\u00bb][et_pb_blurb title=\u00a0\u00bbD\u00e9grilleur Type NG\u00a0\u00bb image=\u00a0\u00bbhttps:\/\/www.fb-procedes.com\/wp-content\/uploads\/2025\/11\/degrilleur-vertical-ng.jpg\u00a0\u00bb alt=\u00a0\u00bbdegrilleur vertical ng\u00a0\u00bb _builder_version=\u00a0\u00bb4.27.4&Prime; _module_preset=\u00a0\u00bbdefault\u00a0\u00bb link_option_url=\u00a0\u00bbhttps:\/\/www.fb-procedes.com\/degrilleurs\/degrilleur-type-ng\/\u00a0\u00bb global_colors_info=\u00a0\u00bb{}\u00a0\u00bb hover_enabled=\u00a0\u00bb0&Prime; sticky_enabled=\u00a0\u00bb0&Prime;][\/et_pb_blurb][\/et_pb_column][et_pb_column type=\u00a0\u00bb1_5&Prime; _builder_version=\u00a0\u00bb4.27.3&Prime; _module_preset=\u00a0\u00bbdefault\u00a0\u00bb global_colors_info=\u00a0\u00bb{}\u00a0\u00bb][et_pb_blurb title=\u00a0\u00bbD\u00e9grilleur Type XG\u00a0\u00bb image=\u00a0\u00bbhttps:\/\/www.fb-procedes.com\/wp-content\/uploads\/2025\/11\/degrilleur-vertical-xg.jpg\u00a0\u00bb alt=\u00a0\u00bbdegrilleur vertical xg\u00a0\u00bb _builder_version=\u00a0\u00bb4.27.4&Prime; _module_preset=\u00a0\u00bbdefault\u00a0\u00bb link_option_url=\u00a0\u00bbhttps:\/\/www.fb-procedes.com\/degrilleurs\/degrilleur-type-xg\/\u00a0\u00bb global_colors_info=\u00a0\u00bb{}\u00a0\u00bb hover_enabled=\u00a0\u00bb0&Prime; sticky_enabled=\u00a0\u00bb0&Prime;][\/et_pb_blurb][\/et_pb_column][et_pb_column type=\u00a0\u00bb1_5&Prime; _builder_version=\u00a0\u00bb4.27.3&Prime; _module_preset=\u00a0\u00bbdefault\u00a0\u00bb global_colors_info=\u00a0\u00bb{}\u00a0\u00bb][et_pb_blurb title=\u00a0\u00bbD\u00e9grilleur Type SI350&Prime; image=\u00a0\u00bbhttps:\/\/www.fb-procedes.com\/wp-content\/uploads\/2025\/11\/degrilleur-si350.jpg\u00a0\u00bb alt=\u00a0\u00bbdegrilleur si350&Prime; _builder_version=\u00a0\u00bb4.27.4&Prime; _module_preset=\u00a0\u00bbdefault\u00a0\u00bb link_option_url=\u00a0\u00bbhttps:\/\/www.fb-procedes.com\/degrilleurs\/degrilleur-type-350\/\u00a0\u00bb global_colors_info=\u00a0\u00bb{}\u00a0\u00bb hover_enabled=\u00a0\u00bb0&Prime; sticky_enabled=\u00a0\u00bb0&Prime;][\/et_pb_blurb][\/et_pb_column][et_pb_column type=\u00a0\u00bb1_5&Prime; _builder_version=\u00a0\u00bb4.27.3&Prime; _module_preset=\u00a0\u00bbdefault\u00a0\u00bb global_colors_info=\u00a0\u00bb{}\u00a0\u00bb][\/et_pb_column][\/et_pb_row][\/et_pb_section]<\/p>\n","protected":false},"excerpt":{"rendered":"<p>Le d\u00e9grilleur vertical id\u00e9al pour les postes de rel\u00e8vement, pour les d\u00e9bits jusqu&rsquo;\u00e0 120 m3\/h. Sa largeur est de 400mm, et l&rsquo;entra\u00eenement est assur\u00e9 par une sangle unique et centrale. Le d\u00e9grilleur vertical type SG400 a comme sp\u00e9cificit\u00e9 d\u2019avoir une largeur fixe de 400 mm, d\u2019o\u00f9 son nom SG400. C\u2019est un d\u00e9grilleur automatique vertical, qui [&hellip;]<\/p>\n","protected":false},"author":1,"featured_media":0,"parent":5,"menu_order":0,"comment_status":"closed","ping_status":"closed","template":"","meta":{"_et_pb_use_builder":"on","_et_pb_old_content":"\u00a0\r\n<h2><img class=\"alignleft wp-image-1747 size-full\" style=\"margin-right: 10px;\" src=\"http:\/\/s544855743.onlinehome.fr\/wp-content\/uploads\/2014\/06\/puce.png\" alt=\"Puce\" width=\"23\" height=\"23\">Le d\u00e9grilleur pour les d\u00e9bits jusqu'\u00e0 120 m3\/h<\/h2>\r\n\r\n<hr>\r\n\r\nLe d\u00e9grilleur type SG400 a comme sp\u00e9cificit\u00e9 d'avoir une largeur fixe de 400 mm, d'o\u00f9 son nom SG400. C'est un d\u00e9grilleur automatique vertical, qui utilise comme \u00e9l\u00e9ment de traction du grappin de d\u00e9grillage une sangle unique et centrale, une caract\u00e9ristique que l'on retrouve sur l\u2019ensemble des d\u00e9grilleurs FB Proc\u00e9d\u00e9s.\r\n\r\nCe d\u00e9grilleur s'adapte aux ouvrages neufs ou existants, dans des canaux ou\u00a0des postes.\r\n\r\nD'une tr\u00e8s grand fiabilit\u00e9 et simplicit\u00e9 d'utilisation, il convient parfaitement aux installations avec des d\u00e9bits jusqu'\u00e0 120 m3\/h.\r\n\r\nPour s'adapter \u00e0 toutes les installations, des options sont disponibles comme des d\u00e9flecteurs lat\u00e9raux, un panier manuel lat\u00e9ral de secours, une isolation acoustique, , une r\u00e9sistante chauffante, etc.\r\n\r\n\u00a0\r\n<h3><img class=\"alignleft wp-image-1652 size-full\" style=\"margin-bottom: 20px; margin-right: 60px;\" src=\"http:\/\/s544855743.onlinehome.fr\/wp-content\/uploads\/2014\/08\/degrilleur-sg400-vue3D.png\" alt=\"D\u00e9grilleur SG400 vue 3D\" width=\"131\" height=\"448\"><img class=\"alignleft wp-image-1747 size-full\" style=\"margin-right: 10px;\" src=\"http:\/\/s544855743.onlinehome.fr\/wp-content\/uploads\/2014\/06\/puce.png\" alt=\"Puce\" width=\"23\" height=\"23\">Sp\u00e9cificit\u00e9s<\/h3>\r\n\r\n<hr>\r\n\r\n<ul>\r\n \t<li>D\u00e9versement des d\u00e9chets \u00e0 l\u2019amont.<\/li>\r\n \t<li>Id\u00e9al pour les installations avec un d\u00e9bit jusqu\u2019\u00e0 120 m3\/h.<\/li>\r\n \t<li>Adaptable \u00e0 tous types d\u2019ouvrages neufs ou existants (canal, poste, etc.).<\/li>\r\n \t<li>Conception simple = fiabilit\u00e9 durable dans le temps.<\/li>\r\n \t<li>R\u00e9alis\u00e9 sur mesure, hormis la largeur, fig\u00e9e \u00e0 400mm.<\/li>\r\n \t<li>Faible co\u00fbt d\u2019exploitation et entretien ais\u00e9.<\/li>\r\n \t<li>Conforme aux normes CE.<\/li>\r\n \t<li>Pi\u00e8ces d\u2019usure et appareillages \u00e9lectriques hors d\u2019eau (accessibles du plan de pose).<\/li>\r\n \t<li>R\u00e9cup\u00e9ration des d\u00e9chets directement dans une benne ou autres.<\/li>\r\n<\/ul>\r\n<h3><img class=\"alignleft wp-image-1747 size-full\" style=\"margin-right: 10px;\" src=\"http:\/\/s544855743.onlinehome.fr\/wp-content\/uploads\/2014\/06\/puce.png\" alt=\"Puce\" width=\"23\" height=\"23\">Caract\u00e9ristiques techniques<\/h3>\r\n\r\n<hr>\r\n\r\n<ul>\r\n \t<li>D\u00e9bit maxi : 120 m3\/h<\/li>\r\n \t<li>Entrefer : 3 \u00e0 30 mm<\/li>\r\n \t<li>Largeur : \u00a0400 mm<\/li>\r\n \t<li>Profondeur maxi sous plan de pose: 5 500 mm<\/li>\r\n \t<li>Hauteur totale maxi: 8 000 mm<\/li>\r\n \t<li>D\u00e9versement: Amont<\/li>\r\n \t<li>Inclinaison\/verticale: 0\u00b0<\/li>\r\n \t<li>Mati\u00e8re: Inox 304L ou 316L ou mixte<\/li>\r\n<\/ul>\r\n\u00a0\r\n<h3><img class=\"alignleft wp-image-1747 size-full\" style=\"margin-right: 10px;\" src=\"http:\/\/s544855743.onlinehome.fr\/wp-content\/uploads\/2014\/06\/puce.png\" alt=\"Puce\" width=\"23\" height=\"23\">Exemples d'installations<\/h3>\r\n\r\n<hr>\r\n\r\n[ngg src=\"galleries\" ids=\"5\" display=\"basic_thumbnail\" override_thumbnail_settings=\"1\" thumbnail_width=\"150\" thumbnail_height=\"150\" images_per_page=\"5\" show_slideshow_link=\"0\"]\r\n\r\n\u00a0\r\n<h3><img class=\"alignleft wp-image-1747 size-full\" style=\"margin-right: 10px;\" src=\"http:\/\/s544855743.onlinehome.fr\/wp-content\/uploads\/2014\/06\/puce.png\" alt=\"Puce\" width=\"23\" height=\"23\">T\u00e9l\u00e9chargements<\/h3>\r\n\r\n<hr>\r\n\r\n[caption id=\"\" align=\"alignleft\" width=\"120\"]<a href=\"http:\/\/fb-procedes.com\/wp-content\/uploads\/2014\/12\/Fiche-Technique-D\u00e9grilleur-Type-SG400.pdf\"><img src=\"http:\/\/fb-procedes.com\/wp-content\/uploads\/2014\/12\/Degrilleur-SG400.jpg\" alt=\"Fiche Technique D\u00e9grilleur Type SG400\" width=\"120\" height=\"170\"><\/a> Fiche Technique D\u00e9grilleur Type SG400[\/caption]","_et_gb_content_width":"","footnotes":""},"class_list":["post-3319","page","type-page","status-publish","hentry"],"_links":{"self":[{"href":"https:\/\/www.fb-procedes.com\/en\/wp-json\/wp\/v2\/pages\/3319","targetHints":{"allow":["GET"]}}],"collection":[{"href":"https:\/\/www.fb-procedes.com\/en\/wp-json\/wp\/v2\/pages"}],"about":[{"href":"https:\/\/www.fb-procedes.com\/en\/wp-json\/wp\/v2\/types\/page"}],"author":[{"embeddable":true,"href":"https:\/\/www.fb-procedes.com\/en\/wp-json\/wp\/v2\/users\/1"}],"replies":[{"embeddable":true,"href":"https:\/\/www.fb-procedes.com\/en\/wp-json\/wp\/v2\/comments?post=3319"}],"version-history":[{"count":8,"href":"https:\/\/www.fb-procedes.com\/en\/wp-json\/wp\/v2\/pages\/3319\/revisions"}],"predecessor-version":[{"id":216069,"href":"https:\/\/www.fb-procedes.com\/en\/wp-json\/wp\/v2\/pages\/3319\/revisions\/216069"}],"up":[{"embeddable":true,"href":"https:\/\/www.fb-procedes.com\/en\/wp-json\/wp\/v2\/pages\/5"}],"wp:attachment":[{"href":"https:\/\/www.fb-procedes.com\/en\/wp-json\/wp\/v2\/media?parent=3319"}],"curies":[{"name":"wp","href":"https:\/\/api.w.org\/{rel}","templated":true}]}}