{"id":7,"date":"2014-06-19T08:18:21","date_gmt":"2014-06-19T06:18:21","guid":{"rendered":"http:\/\/s544855743.onlinehome.fr\/?page_id=7"},"modified":"2023-07-17T08:56:23","modified_gmt":"2023-07-17T06:56:23","slug":"screw-compacting-conveying","status":"publish","type":"page","link":"https:\/\/www.fb-procedes.com\/en\/vis-compactage-transport\/","title":{"rendered":"Screws"},"content":{"rendered":"<p>FB Proc\u00e9d\u00e9s conveying and compacting augers have been specially designed to be coupled with our <a title=\"Screens\" href=\"http:\/\/s544855743.onlinehome.fr\/degrilleurs\/\" target=\"_blank\" rel=\"noopener\">Bar Screens<\/a>.<\/p>\n<p>The bar screen and the screw conveyor or compactor thus form a complete unit for bar screening and conveying or compacting screenings.<\/p>\n<p>&nbsp;<\/p>\n<h3><img loading=\"lazy\" decoding=\"async\" class=\"alignleft wp-image-1747 size-full\" style=\"margin-right: 10px;\" src=\"http:\/\/s544855743.onlinehome.fr\/wp-content\/uploads\/2014\/06\/puce.png\" alt=\"Chip\" width=\"23\" height=\"23\" \/>Technology<\/h3>\n<hr \/>\n<p style=\"color: #48423f;\"><img loading=\"lazy\" decoding=\"async\" class=\"alignleft wp-image-1889 size-thumbnail\" style=\"margin-right: 20px;\" src=\"http:\/\/s544855743.onlinehome.fr\/wp-content\/uploads\/2014\/06\/Vis-compactage-Vue-3D-150x150.jpg\" alt=\"Screw Compactor\" width=\"150\" height=\"150\" srcset=\"https:\/\/www.fb-procedes.com\/wp-content\/uploads\/2014\/06\/Vis-compactage-Vue-3D-150x150.jpg 150w, https:\/\/www.fb-procedes.com\/wp-content\/uploads\/2014\/06\/Vis-compactage-Vue-3D-300x300.jpg 300w, https:\/\/www.fb-procedes.com\/wp-content\/uploads\/2014\/06\/Vis-compactage-Vue-3D-768x768.jpg 768w, https:\/\/www.fb-procedes.com\/wp-content\/uploads\/2014\/06\/Vis-compactage-Vue-3D.jpg 800w\" sizes=\"(max-width: 150px) 100vw, 150px\" \/>Since September 2006, conveying and compacting screws have been added to our product range.<\/p>\n<p style=\"color: #48423f;\">At a time when every operator is trying to cut operating costs, over the years they have become a virtually indispensable part of the bar screen.<\/p>\n<p>\u00a0<a href=\"https:\/\/www.fb-procedes.com\/en\/screw-compacting-conveying\/screw-compactor-technology\/\"><img loading=\"lazy\" decoding=\"async\" class=\"alignleft wp-image-1820\" src=\"http:\/\/s544855743.onlinehome.fr\/wp-content\/uploads\/2014\/06\/lire-la-suite.png\" alt=\"Read more\" width=\"122\" height=\"22\" \/><\/a><\/p>\n<p>&nbsp;<\/p>\n<p>&nbsp;<\/p>\n<h3><img loading=\"lazy\" decoding=\"async\" class=\"alignleft wp-image-1747 size-full\" style=\"margin-right: 10px;\" src=\"http:\/\/s544855743.onlinehome.fr\/wp-content\/uploads\/2014\/06\/puce.png\" alt=\"Chip\" width=\"23\" height=\"23\" \/>Screw Conveyor Type VTP<\/h3>\n<hr \/>\n<p><img loading=\"lazy\" decoding=\"async\" class=\"alignleft wp-image-1892 size-thumbnail\" style=\"margin-right: 20px;\" src=\"http:\/\/s544855743.onlinehome.fr\/wp-content\/uploads\/2014\/06\/vis-transport-150x150.jpg\" alt=\"Screw Conveyor\" width=\"150\" height=\"150\" srcset=\"https:\/\/www.fb-procedes.com\/wp-content\/uploads\/2014\/06\/vis-transport-150x150.jpg 150w, https:\/\/www.fb-procedes.com\/wp-content\/uploads\/2014\/06\/vis-transport-300x300.jpg 300w, https:\/\/www.fb-procedes.com\/wp-content\/uploads\/2014\/06\/vis-transport.jpg 500w\" sizes=\"(max-width: 150px) 100vw, 150px\" \/><\/p>\n<p style=\"color: #48423f;\">The VTP Screw Conveyor is designed to provide a solution for conveying screening waste from FB Proc\u00e9d\u00e9s Automatic Bar Screens.<\/p>\n<p style=\"color: #48423f;\">Based on the same philosophy as the bar screens, it is simple and robust in design, guaranteeing reliability and low operating costs.<\/p>\n<p><a href=\"https:\/\/www.fb-procedes.com\/en\/screw-compacting-conveying\/screw-conveyor\/\"><img loading=\"lazy\" decoding=\"async\" class=\"alignleft wp-image-1820 size-full\" src=\"http:\/\/s544855743.onlinehome.fr\/wp-content\/uploads\/2014\/06\/lire-la-suite.png\" alt=\"Read more\" width=\"122\" height=\"22\" \/><\/a><\/p>\n<p>&nbsp;<\/p>\n<p>&nbsp;<\/p>\n<p>&nbsp;<\/p>\n<h3><img loading=\"lazy\" decoding=\"async\" class=\"alignleft wp-image-1747 size-full\" style=\"margin-right: 10px;\" src=\"http:\/\/s544855743.onlinehome.fr\/wp-content\/uploads\/2014\/06\/puce.png\" alt=\"Chip\" width=\"23\" height=\"23\" \/>Screw Compactor Type VCP<\/h3>\n<hr \/>\n<h3><img loading=\"lazy\" decoding=\"async\" class=\"alignleft wp-image-1891 size-thumbnail\" style=\"margin-right: 20px;\" src=\"http:\/\/s544855743.onlinehome.fr\/wp-content\/uploads\/2014\/06\/vis-compactage-150x150.jpg\" alt=\"Screw Compactor\" width=\"150\" height=\"150\" srcset=\"https:\/\/www.fb-procedes.com\/wp-content\/uploads\/2014\/06\/vis-compactage-150x150.jpg 150w, https:\/\/www.fb-procedes.com\/wp-content\/uploads\/2014\/06\/vis-compactage-300x300.jpg 300w, https:\/\/www.fb-procedes.com\/wp-content\/uploads\/2014\/06\/vis-compactage.jpg 500w\" sizes=\"(max-width: 150px) 100vw, 150px\" \/><\/h3>\n<p style=\"color: #48423f;\">The Type VCP compacting screw has been designed to provide a solution for compacting screenings from FB Proc\u00e9d\u00e9s bar screens.<\/p>\n<p style=\"color: #48423f;\">It guarantees reliability and low running costs, thanks to a simple, robust design.<\/p>\n<p><a href=\"https:\/\/www.fb-procedes.com\/en\/screw-compacting-conveying\/screw-compactor\/\"><img loading=\"lazy\" decoding=\"async\" class=\"alignleft wp-image-1820 size-full\" src=\"http:\/\/s544855743.onlinehome.fr\/wp-content\/uploads\/2014\/06\/lire-la-suite.png\" alt=\"Read more\" width=\"122\" height=\"22\" \/><\/a><\/p>\n<p>&nbsp;<\/p>\n<p>&nbsp;<\/p>","protected":false},"excerpt":{"rendered":"<p>Les vis de transport et les vis de compactage FB Proc\u00e9d\u00e9s ont \u00e9t\u00e9 sp\u00e9cialement con\u00e7ues pour \u00eatre coupl\u00e9es avec nos d\u00e9grilleurs. Le d\u00e9grilleur et la vis de transport ou de compactage forment ainsi un ensemble complet de d\u00e9grillage et de transport ou compactage des refus de d\u00e9grillage. &nbsp; Technologie Depuis septembre 2006, les vis de [&hellip;]<\/p>\n","protected":false},"author":1,"featured_media":0,"parent":0,"menu_order":0,"comment_status":"closed","ping_status":"closed","template":"","meta":{"_et_pb_use_builder":"","_et_pb_old_content":"","_et_gb_content_width":"","footnotes":""},"class_list":["post-7","page","type-page","status-publish","hentry"],"_links":{"self":[{"href":"https:\/\/www.fb-procedes.com\/en\/wp-json\/wp\/v2\/pages\/7","targetHints":{"allow":["GET"]}}],"collection":[{"href":"https:\/\/www.fb-procedes.com\/en\/wp-json\/wp\/v2\/pages"}],"about":[{"href":"https:\/\/www.fb-procedes.com\/en\/wp-json\/wp\/v2\/types\/page"}],"author":[{"embeddable":true,"href":"https:\/\/www.fb-procedes.com\/en\/wp-json\/wp\/v2\/users\/1"}],"replies":[{"embeddable":true,"href":"https:\/\/www.fb-procedes.com\/en\/wp-json\/wp\/v2\/comments?post=7"}],"version-history":[{"count":0,"href":"https:\/\/www.fb-procedes.com\/en\/wp-json\/wp\/v2\/pages\/7\/revisions"}],"wp:attachment":[{"href":"https:\/\/www.fb-procedes.com\/en\/wp-json\/wp\/v2\/media?parent=7"}],"curies":[{"name":"wp","href":"https:\/\/api.w.org\/{rel}","templated":true}]}}