{"id":170,"date":"2014-06-27T09:23:20","date_gmt":"2014-06-27T07:23:20","guid":{"rendered":"http:\/\/s544855743.onlinehome.fr\/?page_id=170"},"modified":"2023-10-10T11:54:29","modified_gmt":"2023-10-10T09:54:29","slug":"aspersor-de-lecho-bacteriano","status":"publish","type":"page","link":"https:\/\/www.fb-procedes.com\/es\/sprinkler-lit-bacterien\/","title":{"rendered":"Distribuidores Rotativos"},"content":{"rendered":"<p>FB Proc\u00e9d\u00e9s dise\u00f1a, fabrica e instala aspersores para filtros percoladores desde hace m\u00e1s de 30 a\u00f1os. Ya sea para filtros percoladores de 2 a 50 metros de di\u00e1metro, aspersores de 2, 4, 6 u 8 brazos y caudales de 5 a 4.000 m3\/h, FB Proc\u00e9d\u00e9s dise\u00f1a cada aspersor para satisfacer los requisitos t\u00e9cnicos espec\u00edficos del proyecto.<\/p>\n<p>Si desea un estudio t\u00e9cnico o un presupuesto, no dude en ponerse en contacto con nosotros. Le responderemos lo antes posible.<\/p>\n<p>&nbsp;<\/p>\n<h3><img loading=\"lazy\" decoding=\"async\" class=\"alignleft wp-image-1747 size-full\" style=\"margin-right: 10px;\" src=\"http:\/\/s544855743.onlinehome.fr\/wp-content\/uploads\/2014\/06\/puce.png\" alt=\"Po\" width=\"23\" height=\"23\">Tecnolog\u00eda<\/h3>\n<hr>\n<p style=\"color: #48423f;\"><img loading=\"lazy\" decoding=\"async\" class=\"alignleft wp-image-3192 size-full\" style=\"margin-right: 20px;\" src=\"http:\/\/s544855743.onlinehome.fr\/wp-content\/uploads\/2014\/06\/sprinklers-technologie.jpg\" alt=\"Tecnolog\u00eda de aspersi\u00f3n\" width=\"150\" height=\"150\">Optimizada durante m\u00e1s de 30 a\u00f1os, la tecnolog\u00eda de nuestros distribuidores rotativos para lechos bacterianos se basa en la simplicidad, la eficacia y la fiabilidad.<\/p>\n<p style=\"color: #48423f;\">Dado que cada proyecto es \u00fanico, todos nuestros aspersores para filtros percoladores se fabrican a medida para satisfacer sus especificaciones exactas.<\/p>\n<p style=\"color: #48423f;\"><a href=\"https:\/\/www.fb-procedes.com\/es\/aspersor-de-lecho-bacteriano\/tecnologia-distribuidores-rotativos\/\"><img loading=\"lazy\" decoding=\"async\" class=\"alignleft wp-image-1820 size-full\" src=\"http:\/\/fb-procedes.com\/wp-content\/uploads\/2014\/06\/lire-la-suite.png\" alt=\"Seguir leyendo\" width=\"122\" height=\"22\"><\/a><\/p>\n<p>&nbsp;<\/p>\n<p>&nbsp;<\/p>\n<h3><img loading=\"lazy\" decoding=\"async\" class=\"alignleft wp-image-1747 size-full\" style=\"margin-right: 10px;\" src=\"http:\/\/s544855743.onlinehome.fr\/wp-content\/uploads\/2014\/06\/puce.png\" alt=\"Po\" width=\"23\" height=\"23\">Gama<\/h3>\n<hr>\n<p><img loading=\"lazy\" decoding=\"async\" class=\"alignleft wp-image-3193 size-full\" style=\"margin-right: 20px;\" src=\"http:\/\/s544855743.onlinehome.fr\/wp-content\/uploads\/2014\/06\/sprinklers-gamme.jpg\" alt=\"Gama\" width=\"150\" height=\"150\">Descubra las caracter\u00edsticas espec\u00edficas de nuestros aspersores. Como cada aspersor es \u00fanico, no dude en ponerse en contacto con nosotros para solicitar un estudio t\u00e9cnico y un presupuesto.<\/p>\n<p>Una gama completa de aspersores basada en la sencillez, la eficacia y la fiabilidad.<\/p>\n<p><a href=\"https:\/\/www.fb-procedes.com\/es\/aspersor-de-lecho-bacteriano\/gama-distribuidores-rotativos\/\"><img loading=\"lazy\" decoding=\"async\" class=\"alignleft wp-image-1820 size-full\" src=\"http:\/\/s544855743.onlinehome.fr\/wp-content\/uploads\/2014\/06\/lire-la-suite.png\" alt=\"Seguir leyendo\" width=\"122\" height=\"22\"><\/a><\/p>\n<p>&nbsp;<\/p>\n<p>&nbsp;<\/p>\n<p>&nbsp;<\/p>\n<h3><img loading=\"lazy\" decoding=\"async\" class=\"alignleft wp-image-1747 size-full\" style=\"margin-right: 10px;\" src=\"http:\/\/s544855743.onlinehome.fr\/wp-content\/uploads\/2014\/06\/puce.png\" alt=\"Po\" width=\"23\" height=\"23\">Referencias<\/h3>\n<hr>\n<p style=\"color: #48423f;\"><img loading=\"lazy\" decoding=\"async\" class=\"alignleft wp-image-3196 size-full\" style=\"margin-right: 20px;\" src=\"http:\/\/s544855743.onlinehome.fr\/wp-content\/uploads\/2014\/06\/references-sprinklers.jpg\" alt=\"Referencias de aspersores\" width=\"150\" height=\"150\">Le presentamos algunas de nuestras referencias de distribuidores rotativos para lechos bacterianos.<\/p>\n<p style=\"color: #48423f;\">Cada aspersor se fabrica a medida seg\u00fan sus especificaciones y nuestras recomendaciones basadas en nuestra experiencia.<\/p>\n<p style=\"color: #48423f;\"><a href=\"https:\/\/www.fb-procedes.com\/es\/aspersor-de-lecho-bacteriano\/referencias-distribuidores-rotativos\/\"><img loading=\"lazy\" decoding=\"async\" class=\"alignleft wp-image-1820 size-full\" src=\"http:\/\/s544855743.onlinehome.fr\/wp-content\/uploads\/2014\/06\/lire-la-suite.png\" alt=\"Seguir leyendo\" width=\"122\" height=\"22\"><\/a><\/p>","protected":false},"excerpt":{"rendered":"<p>FB Proc\u00e9d\u00e9s con\u00e7oit, fabrique et installe des sprinklers pour lits bact\u00e9riens depuis plus de 30 ans. Que ce soit pour des lits bact\u00e9riens de 2 \u00e0 50 m\u00e8tres de diam\u00e8tre, des sprinklers \u00e0 2, 4, 6 ou 8 bras, et des d\u00e9bits de 5 \u00e0 4000 m3\/h, FB Proc\u00e9d\u00e9s con\u00e7oit chaque sprinkler sur-mesure pour r\u00e9pondre [&hellip;]<\/p>\n","protected":false},"author":1,"featured_media":0,"parent":0,"menu_order":0,"comment_status":"closed","ping_status":"closed","template":"","meta":{"_et_pb_use_builder":"","_et_pb_old_content":"","_et_gb_content_width":"","footnotes":""},"class_list":["post-170","page","type-page","status-publish","hentry"],"_links":{"self":[{"href":"https:\/\/www.fb-procedes.com\/es\/wp-json\/wp\/v2\/pages\/170","targetHints":{"allow":["GET"]}}],"collection":[{"href":"https:\/\/www.fb-procedes.com\/es\/wp-json\/wp\/v2\/pages"}],"about":[{"href":"https:\/\/www.fb-procedes.com\/es\/wp-json\/wp\/v2\/types\/page"}],"author":[{"embeddable":true,"href":"https:\/\/www.fb-procedes.com\/es\/wp-json\/wp\/v2\/users\/1"}],"replies":[{"embeddable":true,"href":"https:\/\/www.fb-procedes.com\/es\/wp-json\/wp\/v2\/comments?post=170"}],"version-history":[{"count":0,"href":"https:\/\/www.fb-procedes.com\/es\/wp-json\/wp\/v2\/pages\/170\/revisions"}],"wp:attachment":[{"href":"https:\/\/www.fb-procedes.com\/es\/wp-json\/wp\/v2\/media?parent=170"}],"curies":[{"name":"wp","href":"https:\/\/api.w.org\/{rel}","templated":true}]}}