{"id":7,"date":"2014-06-19T08:18:21","date_gmt":"2014-06-19T06:18:21","guid":{"rendered":"http:\/\/s544855743.onlinehome.fr\/?page_id=7"},"modified":"2023-07-17T08:56:23","modified_gmt":"2023-07-17T06:56:23","slug":"tornillo-compactador-transporte","status":"publish","type":"page","link":"https:\/\/www.fb-procedes.com\/es\/vis-compactage-transport\/","title":{"rendered":"Tornillos"},"content":{"rendered":"<p>Los sinfines de transporte y compactaci\u00f3n FB Proc\u00e9d\u00e9s han sido especialmente dise\u00f1ados para acoplarse a nuestros <a title=\"Rejas de Desbaste\" href=\"http:\/\/s544855743.onlinehome.fr\/degrilleurs\/\" target=\"_blank\" rel=\"noopener\">rejas de desbaste instaladas<\/a>.<\/p>\n<p>La criba de barras y el tornillo para transportar o compactar los residuos de cribado forman as\u00ed una unidad completa para cribar y transportar o compactar los residuos de cribado.<\/p>\n<p>&nbsp;<\/p>\n<h3><img loading=\"lazy\" decoding=\"async\" class=\"alignleft wp-image-1747 size-full\" style=\"margin-right: 10px;\" src=\"http:\/\/s544855743.onlinehome.fr\/wp-content\/uploads\/2014\/06\/puce.png\" alt=\"Chip\" width=\"23\" height=\"23\" \/>Tecnolog\u00eda<\/h3>\n<hr \/>\n<p style=\"color: #48423f;\"><img loading=\"lazy\" decoding=\"async\" class=\"alignleft wp-image-1889 size-thumbnail\" style=\"margin-right: 20px;\" src=\"http:\/\/s544855743.onlinehome.fr\/wp-content\/uploads\/2014\/06\/Vis-compactage-Vue-3D-150x150.jpg\" alt=\"Tornillo Compactador\" width=\"150\" height=\"150\" srcset=\"https:\/\/www.fb-procedes.com\/wp-content\/uploads\/2014\/06\/Vis-compactage-Vue-3D-150x150.jpg 150w, https:\/\/www.fb-procedes.com\/wp-content\/uploads\/2014\/06\/Vis-compactage-Vue-3D-300x300.jpg 300w, https:\/\/www.fb-procedes.com\/wp-content\/uploads\/2014\/06\/Vis-compactage-Vue-3D-768x768.jpg 768w, https:\/\/www.fb-procedes.com\/wp-content\/uploads\/2014\/06\/Vis-compactage-Vue-3D.jpg 800w\" sizes=\"(max-width: 150px) 100vw, 150px\" \/>Desde septiembre de 2006, nuestra gama de productos tambi\u00e9n incluye transportadores de tornillo y compactadores.<\/p>\n<p style=\"color: #48423f;\">En un momento en que todos los operadores intentan reducir los costes de explotaci\u00f3n, con el paso de los a\u00f1os se han convertido en una parte pr\u00e1cticamente indispensable de la unidad de cribado.<\/p>\n<p>\u00a0<a href=\"https:\/\/www.fb-procedes.com\/es\/tornillo-compactador-transporte\/tecnologia-tornillo-compactador\/\"><img loading=\"lazy\" decoding=\"async\" class=\"alignleft wp-image-1820\" src=\"http:\/\/s544855743.onlinehome.fr\/wp-content\/uploads\/2014\/06\/lire-la-suite.png\" alt=\"Seguir leyendo\" width=\"122\" height=\"22\" \/><\/a><\/p>\n<p>&nbsp;<\/p>\n<p>&nbsp;<\/p>\n<h3><img loading=\"lazy\" decoding=\"async\" class=\"alignleft wp-image-1747 size-full\" style=\"margin-right: 10px;\" src=\"http:\/\/s544855743.onlinehome.fr\/wp-content\/uploads\/2014\/06\/puce.png\" alt=\"Chip\" width=\"23\" height=\"23\" \/>Tornillo transportador Tipo VTP<\/h3>\n<hr \/>\n<p><img loading=\"lazy\" decoding=\"async\" class=\"alignleft wp-image-1892 size-thumbnail\" style=\"margin-right: 20px;\" src=\"http:\/\/s544855743.onlinehome.fr\/wp-content\/uploads\/2014\/06\/vis-transport-150x150.jpg\" alt=\"Tornillo transportador\" width=\"150\" height=\"150\" srcset=\"https:\/\/www.fb-procedes.com\/wp-content\/uploads\/2014\/06\/vis-transport-150x150.jpg 150w, https:\/\/www.fb-procedes.com\/wp-content\/uploads\/2014\/06\/vis-transport-300x300.jpg 300w, https:\/\/www.fb-procedes.com\/wp-content\/uploads\/2014\/06\/vis-transport.jpg 500w\" sizes=\"(max-width: 150px) 100vw, 150px\" \/><\/p>\n<p style=\"color: #48423f;\">El tornillo transportador Tipo VTP ha sido dise\u00f1ada para ofrecer una soluci\u00f3n de transferencia de los rechazos de desbaste procedentes de las rejas de desbaste de FB Proc\u00e9d\u00e9s.<\/p>\n<p style=\"color: #48423f;\">Basada en la misma filosof\u00eda que las cribas de barras, su dise\u00f1o sencillo y robusto garantiza fiabilidad y bajos costes de explotaci\u00f3n.<\/p>\n<p><a href=\"https:\/\/www.fb-procedes.com\/es\/tornillo-compactador-transporte\/tornillo-transportador\/\"><img loading=\"lazy\" decoding=\"async\" class=\"alignleft wp-image-1820 size-full\" src=\"http:\/\/s544855743.onlinehome.fr\/wp-content\/uploads\/2014\/06\/lire-la-suite.png\" alt=\"Seguir leyendo\" width=\"122\" height=\"22\" \/><\/a><\/p>\n<p>&nbsp;<\/p>\n<p>&nbsp;<\/p>\n<p>&nbsp;<\/p>\n<h3><img loading=\"lazy\" decoding=\"async\" class=\"alignleft wp-image-1747 size-full\" style=\"margin-right: 10px;\" src=\"http:\/\/s544855743.onlinehome.fr\/wp-content\/uploads\/2014\/06\/puce.png\" alt=\"Chip\" width=\"23\" height=\"23\" \/>Tornillo compactador Tipo VCP<\/h3>\n<hr \/>\n<h3><img loading=\"lazy\" decoding=\"async\" class=\"alignleft wp-image-1891 size-thumbnail\" style=\"margin-right: 20px;\" src=\"http:\/\/s544855743.onlinehome.fr\/wp-content\/uploads\/2014\/06\/vis-compactage-150x150.jpg\" alt=\"Tornillo Compactador\" width=\"150\" height=\"150\" srcset=\"https:\/\/www.fb-procedes.com\/wp-content\/uploads\/2014\/06\/vis-compactage-150x150.jpg 150w, https:\/\/www.fb-procedes.com\/wp-content\/uploads\/2014\/06\/vis-compactage-300x300.jpg 300w, https:\/\/www.fb-procedes.com\/wp-content\/uploads\/2014\/06\/vis-compactage.jpg 500w\" sizes=\"(max-width: 150px) 100vw, 150px\" \/><\/h3>\n<p style=\"color: #48423f;\">La tornillo compactador Tipo VCP ha sido dise\u00f1ada para ofrecer una soluci\u00f3n de compactaci\u00f3n de los rechazos de desbaste procedentes de las rejas de desbaste de FB Proc\u00e9d\u00e9s.<\/p>\n<p style=\"color: #48423f;\">Garantiza fiabilidad y bajos costos de explotaci\u00f3n gracias a un dise\u00f1o simple y robusto.<\/p>\n<p><a href=\"https:\/\/www.fb-procedes.com\/es\/tornillo-compactador-transporte\/tornillo-compactador\/\"><img loading=\"lazy\" decoding=\"async\" class=\"alignleft wp-image-1820 size-full\" src=\"http:\/\/s544855743.onlinehome.fr\/wp-content\/uploads\/2014\/06\/lire-la-suite.png\" alt=\"Seguir leyendo\" width=\"122\" height=\"22\" \/><\/a><\/p>\n<p>&nbsp;<\/p>\n<p>&nbsp;<\/p>","protected":false},"excerpt":{"rendered":"<p>Les vis de transport et les vis de compactage FB Proc\u00e9d\u00e9s ont \u00e9t\u00e9 sp\u00e9cialement con\u00e7ues pour \u00eatre coupl\u00e9es avec nos d\u00e9grilleurs. Le d\u00e9grilleur et la vis de transport ou de compactage forment ainsi un ensemble complet de d\u00e9grillage et de transport ou compactage des refus de d\u00e9grillage. &nbsp; Technologie Depuis septembre 2006, les vis de [&hellip;]<\/p>\n","protected":false},"author":1,"featured_media":0,"parent":0,"menu_order":0,"comment_status":"closed","ping_status":"closed","template":"","meta":{"_et_pb_use_builder":"","_et_pb_old_content":"","_et_gb_content_width":"","footnotes":""},"class_list":["post-7","page","type-page","status-publish","hentry"],"_links":{"self":[{"href":"https:\/\/www.fb-procedes.com\/es\/wp-json\/wp\/v2\/pages\/7","targetHints":{"allow":["GET"]}}],"collection":[{"href":"https:\/\/www.fb-procedes.com\/es\/wp-json\/wp\/v2\/pages"}],"about":[{"href":"https:\/\/www.fb-procedes.com\/es\/wp-json\/wp\/v2\/types\/page"}],"author":[{"embeddable":true,"href":"https:\/\/www.fb-procedes.com\/es\/wp-json\/wp\/v2\/users\/1"}],"replies":[{"embeddable":true,"href":"https:\/\/www.fb-procedes.com\/es\/wp-json\/wp\/v2\/comments?post=7"}],"version-history":[{"count":0,"href":"https:\/\/www.fb-procedes.com\/es\/wp-json\/wp\/v2\/pages\/7\/revisions"}],"wp:attachment":[{"href":"https:\/\/www.fb-procedes.com\/es\/wp-json\/wp\/v2\/media?parent=7"}],"curies":[{"name":"wp","href":"https:\/\/api.w.org\/{rel}","templated":true}]}}